{"id":1005,"date":"2023-10-18T08:13:36","date_gmt":"2023-10-18T08:13:36","guid":{"rendered":"https:\/\/mrmdstudio.com\/?page_id=1005"},"modified":"2024-07-08T10:22:44","modified_gmt":"2024-07-08T10:22:44","slug":"copy","status":"publish","type":"page","link":"https:\/\/mrmdstudio.com\/?page_id=1005","title":{"rendered":"About"},"content":{"rendered":"\n<h1>\n\t\tabout\n\t<\/h1>\n<h2>\n\t\tune passion.\n\t<\/h2>\n<h3>\n\t\tPassionn\u00e9e depuis toujours par l&#8217;architecture et les espaces, c&#8217;est d&#8217;abord vers l&#8217;ing\u00e9nierie de la construction que Mathilde s&#8217;est orient\u00e9e, afin d&#8217;en comprendre les rouages et techniques. Peu \u00e0 peu et \u00e0 travers les diff\u00e9rents projets sur lesquels elle a \u00e9t\u00e9 amen\u00e9e \u00e0 travailler, l&#8217;attrait pour la cr\u00e9ation s&#8217;est intensifi\u00e9 et son sens du design s&#8217;est aiguis\u00e9.\n\t<\/h3>\n<h2>\n\t\tla technique au service du design.\n\t<\/h2>\n<h3>\n\t\tApr\u00e8s ses diff\u00e9rentes collaborations avec de grands noms de l&#8217;architecture et du design int\u00e9rieur comme Tadao Ando, Shigeru Ban, Joseph Dirand ou bien encore Raphael Navot, toujours le m\u00eame constat : le design n&#8217;est rien sans une r\u00e9flexion pouss\u00e9e sur les d\u00e9tails, les techniques de construction et les mat\u00e9riaux. De ce constat, est n\u00e9e l&#8217;envie de cr\u00e9er sa propre agence afin de combiner design et technique.\n\t<\/h3>\n<h2>\n\t\tle sens du d\u00e9tail.\n\t<\/h2>\n<h3>\n\t\tUn arrondi subtil, une gorge lumineuse, une saign\u00e9e d\u00e9licate, des mat\u00e9riaux pr\u00e9cautionneusement choisis, autant de d\u00e9tails qui apportent aux plus simples des projets tout leur sens.\n\t<\/h3>\n<h2>\n\t\tl&#8217;art du sur mesure.\n\t<\/h2>\n<h3>\n\t\tDans chacun de ses projets, Mathilde cherche toujours \u00e0 cr\u00e9er un projet en ad\u00e9quation avec son commanditaire afin d&#8217;en faire un \u00e9crin personnalis\u00e9. Chaque projet est unique et \u00e0 l&#8217;image de son propri\u00e9taire.\n\t<\/h3>\n<h2>\n\t\tl&#8217;exp\u00e9rience du terrain.\n\t<\/h2>\n<h3>\n\t\tLors de son parcours, Mathilde a pu se forger au terrain, que ce soit dans les usines de marbre \u00e0 travers l&#8217;Europe ou sur les diff\u00e9rents chantiers pour lesquels elle a r\u00e9alis\u00e9 la ma\u00eetrise d&#8217;\u0153uvre et le suivi de travaux.\n\t<\/h3>\n\n","protected":false},"excerpt":{"rendered":"<p>about une passion. Passionn\u00e9e depuis toujours par l&#8217;architecture et les espaces, c&#8217;est d&#8217;abord vers l&#8217;ing\u00e9nierie de la construction que Mathilde s&#8217;est orient\u00e9e, afin d&#8217;en comprendre les rouages et techniques. Peu \u00e0 peu et \u00e0 travers les diff\u00e9rents projets sur lesquels elle a \u00e9t\u00e9 amen\u00e9e \u00e0 travailler, l&#8217;attrait pour la cr\u00e9ation s&#8217;est intensifi\u00e9 et son sens &hellip;<\/p>\n<p class=\"read-more\"> <a class=\"\" href=\"https:\/\/mrmdstudio.com\/?page_id=1005\"> <span class=\"screen-reader-text\">About<\/span> Read More &raquo;<\/a><\/p>\n","protected":false},"author":1,"featured_media":0,"parent":0,"menu_order":0,"comment_status":"closed","ping_status":"closed","template":"","meta":{"om_disable_all_campaigns":false,"_monsterinsights_skip_tracking":false,"_monsterinsights_sitenote_active":false,"_monsterinsights_sitenote_note":"","_monsterinsights_sitenote_category":0,"site-sidebar-layout":"default","site-content-layout":"","ast-site-content-layout":"default","site-content-style":"default","site-sidebar-style":"default","ast-global-header-display":"","ast-banner-title-visibility":"","ast-main-header-display":"","ast-hfb-above-header-display":"","ast-hfb-below-header-display":"","ast-hfb-mobile-header-display":"","site-post-title":"disabled","ast-breadcrumbs-content":"","ast-featured-img":"","footer-sml-layout":"","theme-transparent-header-meta":"","adv-header-id-meta":"","stick-header-meta":"","header-above-stick-meta":"","header-main-stick-meta":"","header-below-stick-meta":"","astra-migrate-meta-layouts":"set"},"aioseo_notices":[],"_links":{"self":[{"href":"https:\/\/mrmdstudio.com\/index.php?rest_route=\/wp\/v2\/pages\/1005"}],"collection":[{"href":"https:\/\/mrmdstudio.com\/index.php?rest_route=\/wp\/v2\/pages"}],"about":[{"href":"https:\/\/mrmdstudio.com\/index.php?rest_route=\/wp\/v2\/types\/page"}],"author":[{"embeddable":true,"href":"https:\/\/mrmdstudio.com\/index.php?rest_route=\/wp\/v2\/users\/1"}],"replies":[{"embeddable":true,"href":"https:\/\/mrmdstudio.com\/index.php?rest_route=%2Fwp%2Fv2%2Fcomments&post=1005"}],"version-history":[{"count":9,"href":"https:\/\/mrmdstudio.com\/index.php?rest_route=\/wp\/v2\/pages\/1005\/revisions"}],"predecessor-version":[{"id":1187,"href":"https:\/\/mrmdstudio.com\/index.php?rest_route=\/wp\/v2\/pages\/1005\/revisions\/1187"}],"wp:attachment":[{"href":"https:\/\/mrmdstudio.com\/index.php?rest_route=%2Fwp%2Fv2%2Fmedia&parent=1005"}],"curies":[{"name":"wp","href":"https:\/\/api.w.org\/{rel}","templated":true}]}}