{"id":1055,"date":"2023-10-18T14:14:01","date_gmt":"2023-10-18T14:14:01","guid":{"rendered":"https:\/\/mrmdstudio.com\/?page_id=1055"},"modified":"2024-03-28T12:19:46","modified_gmt":"2024-03-28T12:19:46","slug":"champ-de-mars","status":"publish","type":"page","link":"https:\/\/mrmdstudio.com\/?page_id=1055","title":{"rendered":"Square du champ de Mars"},"content":{"rendered":"\n<h1>\n\t\tsquare du champ de mars\n\t<\/h1>\n<h2>\n\t\tArchitecture int\u00e9rieure\n\t<\/h2>\n\t<p>R\u00e9novation d&#8217;un appartement \u00e0 Paris.<\/p>\n<p>Red\u00e9finition des espaces et cr\u00e9ation de mobilier sur mesure pour un appartement de 75m2 \u00e0 Paris.<\/p>\n\t\t\t\t<img src=\"http:\/\/mrmdstudio.com\/wp-content\/uploads\/2023\/10\/Salon-2.png\" alt=\"Salon 2\" itemprop=\"image\" title=\"Salon 2\" onerror=\"this.style.display='none'\"  \/>\n\t\t\t\t<img src=\"http:\/\/mrmdstudio.com\/wp-content\/uploads\/2023\/10\/CH2-B.png\" alt=\"CH2 B\" itemprop=\"image\" title=\"CH2 B\" onerror=\"this.style.display='none'\"  \/>\n\t\t\t\t<img src=\"http:\/\/mrmdstudio.com\/wp-content\/uploads\/2023\/10\/couloir.png\" alt=\"couloir\" itemprop=\"image\" title=\"couloir\" onerror=\"this.style.display='none'\"  \/>\n\t\t\t\t<img src=\"http:\/\/mrmdstudio.com\/wp-content\/uploads\/2023\/10\/SDB.png\" alt=\"SDB\" itemprop=\"image\" title=\"SDB\" onerror=\"this.style.display='none'\"  \/>\n\n","protected":false},"excerpt":{"rendered":"<p>square du champ de mars Architecture int\u00e9rieure R\u00e9novation d&#8217;un appartement \u00e0 Paris. Red\u00e9finition des espaces et cr\u00e9ation de mobilier sur mesure pour un appartement de 75m2 \u00e0 Paris.<\/p>\n","protected":false},"author":1,"featured_media":0,"parent":987,"menu_order":2,"comment_status":"closed","ping_status":"closed","template":"","meta":{"om_disable_all_campaigns":false,"_monsterinsights_skip_tracking":false,"_monsterinsights_sitenote_active":false,"_monsterinsights_sitenote_note":"","_monsterinsights_sitenote_category":0,"site-sidebar-layout":"default","site-content-layout":"","ast-site-content-layout":"default","site-content-style":"default","site-sidebar-style":"default","ast-global-header-display":"","ast-banner-title-visibility":"","ast-main-header-display":"","ast-hfb-above-header-display":"","ast-hfb-below-header-display":"","ast-hfb-mobile-header-display":"","site-post-title":"disabled","ast-breadcrumbs-content":"","ast-featured-img":"","footer-sml-layout":"","theme-transparent-header-meta":"","adv-header-id-meta":"","stick-header-meta":"","header-above-stick-meta":"","header-main-stick-meta":"","header-below-stick-meta":"","astra-migrate-meta-layouts":"set"},"aioseo_notices":[],"_links":{"self":[{"href":"https:\/\/mrmdstudio.com\/index.php?rest_route=\/wp\/v2\/pages\/1055"}],"collection":[{"href":"https:\/\/mrmdstudio.com\/index.php?rest_route=\/wp\/v2\/pages"}],"about":[{"href":"https:\/\/mrmdstudio.com\/index.php?rest_route=\/wp\/v2\/types\/page"}],"author":[{"embeddable":true,"href":"https:\/\/mrmdstudio.com\/index.php?rest_route=\/wp\/v2\/users\/1"}],"replies":[{"embeddable":true,"href":"https:\/\/mrmdstudio.com\/index.php?rest_route=%2Fwp%2Fv2%2Fcomments&post=1055"}],"version-history":[{"count":6,"href":"https:\/\/mrmdstudio.com\/index.php?rest_route=\/wp\/v2\/pages\/1055\/revisions"}],"predecessor-version":[{"id":1166,"href":"https:\/\/mrmdstudio.com\/index.php?rest_route=\/wp\/v2\/pages\/1055\/revisions\/1166"}],"up":[{"embeddable":true,"href":"https:\/\/mrmdstudio.com\/index.php?rest_route=\/wp\/v2\/pages\/987"}],"wp:attachment":[{"href":"https:\/\/mrmdstudio.com\/index.php?rest_route=%2Fwp%2Fv2%2Fmedia&parent=1055"}],"curies":[{"name":"wp","href":"https:\/\/api.w.org\/{rel}","templated":true}]}}