{"id":1068,"date":"2023-10-18T14:30:23","date_gmt":"2023-10-18T14:30:23","guid":{"rendered":"https:\/\/mrmdstudio.com\/?page_id=1068"},"modified":"2024-03-28T12:19:36","modified_gmt":"2024-03-28T12:19:36","slug":"le-local","status":"publish","type":"page","link":"https:\/\/mrmdstudio.com\/?page_id=1068","title":{"rendered":"Le Local"},"content":{"rendered":"\n<h1>\n\t\tle local\n\t<\/h1>\n<h2>\n\t\tArchitecture int\u00e9rieure\n\t<\/h2>\n\t<p>R\u00e9novation d&#8217;un local de coworking \u00e0 Biarritz (en cours).<\/p>\n<p>Dans une \u00e8re o\u00f9 le t\u00e9l\u00e9travail se fait de plus en plus pr\u00e9sent, l&#8217;enjeu de ce projet est de cr\u00e9er une atmosph\u00e8re cozy dans laquelle on se sent comme chez soi, tout en permettant de transformer le lieu en restaurant de temps \u00e0 autre.<\/p>\n\t\t\t\t<img src=\"http:\/\/mrmdstudio.com\/wp-content\/uploads\/2023\/10\/Corner-cafe.png\" alt=\"Corner caf\u00e9\" itemprop=\"image\" title=\"Corner caf\u00e9\" onerror=\"this.style.display='none'\"  \/>\n\t\t\t\t<img src=\"http:\/\/mrmdstudio.com\/wp-content\/uploads\/2023\/10\/Vue-Bar-2.png\" alt=\"Vue Bar 2\" itemprop=\"image\" title=\"Vue Bar 2\" onerror=\"this.style.display='none'\"  \/>\n\t\t\t\t<img src=\"http:\/\/mrmdstudio.com\/wp-content\/uploads\/2023\/10\/Vue-Cuisine.png\" alt=\"Vue Cuisine\" itemprop=\"image\" title=\"Vue Cuisine\" onerror=\"this.style.display='none'\"  \/>\n\n","protected":false},"excerpt":{"rendered":"<p>le local Architecture int\u00e9rieure R\u00e9novation d&#8217;un local de coworking \u00e0 Biarritz (en cours). Dans une \u00e8re o\u00f9 le t\u00e9l\u00e9travail se fait de plus en plus pr\u00e9sent, l&#8217;enjeu de ce projet est de cr\u00e9er une atmosph\u00e8re cozy dans laquelle on se sent comme chez soi, tout en permettant de transformer le lieu en restaurant de temps &hellip;<\/p>\n<p class=\"read-more\"> <a class=\"\" href=\"https:\/\/mrmdstudio.com\/?page_id=1068\"> <span class=\"screen-reader-text\">Le Local<\/span> Read More &raquo;<\/a><\/p>\n","protected":false},"author":1,"featured_media":0,"parent":987,"menu_order":1,"comment_status":"closed","ping_status":"closed","template":"","meta":{"om_disable_all_campaigns":false,"_monsterinsights_skip_tracking":false,"_monsterinsights_sitenote_active":false,"_monsterinsights_sitenote_note":"","_monsterinsights_sitenote_category":0,"site-sidebar-layout":"default","site-content-layout":"","ast-site-content-layout":"","site-content-style":"default","site-sidebar-style":"default","ast-global-header-display":"","ast-banner-title-visibility":"","ast-main-header-display":"","ast-hfb-above-header-display":"","ast-hfb-below-header-display":"","ast-hfb-mobile-header-display":"","site-post-title":"disabled","ast-breadcrumbs-content":"","ast-featured-img":"","footer-sml-layout":"","theme-transparent-header-meta":"","adv-header-id-meta":"","stick-header-meta":"","header-above-stick-meta":"","header-main-stick-meta":"","header-below-stick-meta":"","astra-migrate-meta-layouts":""},"aioseo_notices":[],"_links":{"self":[{"href":"https:\/\/mrmdstudio.com\/index.php?rest_route=\/wp\/v2\/pages\/1068"}],"collection":[{"href":"https:\/\/mrmdstudio.com\/index.php?rest_route=\/wp\/v2\/pages"}],"about":[{"href":"https:\/\/mrmdstudio.com\/index.php?rest_route=\/wp\/v2\/types\/page"}],"author":[{"embeddable":true,"href":"https:\/\/mrmdstudio.com\/index.php?rest_route=\/wp\/v2\/users\/1"}],"replies":[{"embeddable":true,"href":"https:\/\/mrmdstudio.com\/index.php?rest_route=%2Fwp%2Fv2%2Fcomments&post=1068"}],"version-history":[{"count":4,"href":"https:\/\/mrmdstudio.com\/index.php?rest_route=\/wp\/v2\/pages\/1068\/revisions"}],"predecessor-version":[{"id":1165,"href":"https:\/\/mrmdstudio.com\/index.php?rest_route=\/wp\/v2\/pages\/1068\/revisions\/1165"}],"up":[{"embeddable":true,"href":"https:\/\/mrmdstudio.com\/index.php?rest_route=\/wp\/v2\/pages\/987"}],"wp:attachment":[{"href":"https:\/\/mrmdstudio.com\/index.php?rest_route=%2Fwp%2Fv2%2Fmedia&parent=1068"}],"curies":[{"name":"wp","href":"https:\/\/api.w.org\/{rel}","templated":true}]}}