{"id":1097,"date":"2023-10-18T15:38:25","date_gmt":"2023-10-18T15:38:25","guid":{"rendered":"https:\/\/mrmdstudio.com\/?page_id=1097"},"modified":"2024-07-08T10:14:03","modified_gmt":"2024-07-08T10:14:03","slug":"dame-des-arts","status":"publish","type":"page","link":"https:\/\/mrmdstudio.com\/?page_id=1097","title":{"rendered":"Dame des arts"},"content":{"rendered":"\n<h1>\n\t\tDame des arts\n\t<\/h1>\n<h2>\n\t\tMa\u00eetrise d&#8217;\u0153uvre pour le compte de CALQ en co-cr\u00e9ation avec Raphael Navot.\n\t<\/h2>\n\t<p>R\u00e9habilitation d&#8217;un h\u00f4tel 4 \u00e9toiles de 110 chambres dans le 6\u00e8me arrondissement de Paris.<\/p>\n<p>Le restaurant, la salle de fitness, le rooftop et les chambres ont \u00e9t\u00e9 r\u00e9nov\u00e9es dans un style \u00ab&nbsp;nouvelle vague&nbsp;\u00bb propre au quartier latin<\/p>\n\t\t\t\t<img src=\"http:\/\/mrmdstudio.com\/wp-content\/uploads\/2023\/10\/Capture-decran-2023-09-07-a-10.05.33.png\" alt=\"Capture d'\u00e9cran 2023-09-07 \u00e0 10.05.33\" itemprop=\"image\" title=\"Capture d'\u00e9cran 2023-09-07 \u00e0 10.05.33\" onerror=\"this.style.display='none'\">\n\t\t\t\t<img src=\"http:\/\/mrmdstudio.com\/wp-content\/uploads\/2023\/10\/Capture-decran-2023-09-07-a-10.06.31.png\" alt=\"Capture d'\u00e9cran 2023-09-07 \u00e0 10.06.31\" itemprop=\"image\" title=\"Capture d'\u00e9cran 2023-09-07 \u00e0 10.06.31\" onerror=\"this.style.display='none'\">\n\t\t\t\t<img src=\"http:\/\/mrmdstudio.com\/wp-content\/uploads\/2023\/10\/Capture-decran-2023-09-07-a-10.10.46.png\" alt=\"Capture d'\u00e9cran 2023-09-07 \u00e0 10.10.46\" itemprop=\"image\" title=\"Capture d'\u00e9cran 2023-09-07 \u00e0 10.10.46\" onerror=\"this.style.display='none'\">\n\t\t\t\t<img src=\"http:\/\/mrmdstudio.com\/wp-content\/uploads\/2023\/10\/Capture-decran-2023-09-07-a-10.10.00.png\" alt=\"Capture d'\u00e9cran 2023-09-07 \u00e0 10.10.00\" itemprop=\"image\" title=\"Capture d'\u00e9cran 2023-09-07 \u00e0 10.10.00\" onerror=\"this.style.display='none'\">\n\t\t\t\t<img src=\"http:\/\/mrmdstudio.com\/wp-content\/uploads\/2023\/10\/Capture-decran-2023-09-07-a-10.10.18.png\" alt=\"Capture d'\u00e9cran 2023-09-07 \u00e0 10.10.18\" itemprop=\"image\" title=\"Capture d'\u00e9cran 2023-09-07 \u00e0 10.10.18\" onerror=\"this.style.display='none'\">\n\t\t\t\t<img src=\"http:\/\/mrmdstudio.com\/wp-content\/uploads\/2023\/10\/Capture-decran-2023-09-07-a-10.05.11.png\" alt=\"Capture d'\u00e9cran 2023-09-07 \u00e0 10.05.11\" itemprop=\"image\" title=\"Capture d'\u00e9cran 2023-09-07 \u00e0 10.05.11\" onerror=\"this.style.display='none'\">\n\t\t\t\t<img src=\"http:\/\/mrmdstudio.com\/wp-content\/uploads\/2023\/10\/Capture-decran-2023-09-07-a-10.37.06.png\" alt=\"Capture d'\u00e9cran 2023-09-07 \u00e0 10.37.06\" itemprop=\"image\" title=\"Capture d'\u00e9cran 2023-09-07 \u00e0 10.37.06\" onerror=\"this.style.display='none'\">\n","protected":false},"excerpt":{"rendered":"<p>Dame des arts Ma\u00eetrise d&#8217;\u0153uvre pour le compte de CALQ en co-cr\u00e9ation avec Raphael Navot. R\u00e9habilitation d&#8217;un h\u00f4tel 4 \u00e9toiles de 110 chambres dans le 6\u00e8me arrondissement de Paris. Le restaurant, la salle de fitness, le rooftop et les chambres ont \u00e9t\u00e9 r\u00e9nov\u00e9es dans un style \u00ab&nbsp;nouvelle vague&nbsp;\u00bb propre au quartier latin<\/p>\n","protected":false},"author":1,"featured_media":0,"parent":987,"menu_order":3,"comment_status":"closed","ping_status":"closed","template":"","meta":{"om_disable_all_campaigns":false,"_monsterinsights_skip_tracking":false,"_monsterinsights_sitenote_active":false,"_monsterinsights_sitenote_note":"","_monsterinsights_sitenote_category":0,"site-sidebar-layout":"default","site-content-layout":"","ast-site-content-layout":"default","site-content-style":"default","site-sidebar-style":"default","ast-global-header-display":"","ast-banner-title-visibility":"","ast-main-header-display":"","ast-hfb-above-header-display":"","ast-hfb-below-header-display":"","ast-hfb-mobile-header-display":"","site-post-title":"disabled","ast-breadcrumbs-content":"","ast-featured-img":"","footer-sml-layout":"","theme-transparent-header-meta":"","adv-header-id-meta":"","stick-header-meta":"","header-above-stick-meta":"","header-main-stick-meta":"","header-below-stick-meta":"","astra-migrate-meta-layouts":"set"},"aioseo_notices":[],"_links":{"self":[{"href":"https:\/\/mrmdstudio.com\/index.php?rest_route=\/wp\/v2\/pages\/1097"}],"collection":[{"href":"https:\/\/mrmdstudio.com\/index.php?rest_route=\/wp\/v2\/pages"}],"about":[{"href":"https:\/\/mrmdstudio.com\/index.php?rest_route=\/wp\/v2\/types\/page"}],"author":[{"embeddable":true,"href":"https:\/\/mrmdstudio.com\/index.php?rest_route=\/wp\/v2\/users\/1"}],"replies":[{"embeddable":true,"href":"https:\/\/mrmdstudio.com\/index.php?rest_route=%2Fwp%2Fv2%2Fcomments&post=1097"}],"version-history":[{"count":7,"href":"https:\/\/mrmdstudio.com\/index.php?rest_route=\/wp\/v2\/pages\/1097\/revisions"}],"predecessor-version":[{"id":1186,"href":"https:\/\/mrmdstudio.com\/index.php?rest_route=\/wp\/v2\/pages\/1097\/revisions\/1186"}],"up":[{"embeddable":true,"href":"https:\/\/mrmdstudio.com\/index.php?rest_route=\/wp\/v2\/pages\/987"}],"wp:attachment":[{"href":"https:\/\/mrmdstudio.com\/index.php?rest_route=%2Fwp%2Fv2%2Fmedia&parent=1097"}],"curies":[{"name":"wp","href":"https:\/\/api.w.org\/{rel}","templated":true}]}}