{"id":1130,"date":"2023-10-25T13:29:44","date_gmt":"2023-10-25T13:29:44","guid":{"rendered":"https:\/\/mrmdstudio.com\/?page_id=1130"},"modified":"2024-03-28T11:57:15","modified_gmt":"2024-03-28T11:57:15","slug":"carre-concorde","status":"publish","type":"page","link":"https:\/\/mrmdstudio.com\/?page_id=1130","title":{"rendered":"Carr\u00e9 Concorde"},"content":{"rendered":"\n<h1>\n\t\tCarr\u00e9 concorde\n\t<\/h1>\n<h2>\n\t\tMa\u00eetrise d&#8217;\u0153uvre pour le compte de CALQ\u00a0\n\t<\/h2>\n\t<p>R\u00e9habilitation d&#8217;un h\u00f4tel particulier de 6800m2 dans le 8\u00e8me arrondissement de Paris en bureaux haut de gamme.<\/p>\n<p>Le d\u00e9fi de ce projet tenait dans l&#8217;\u00e9quilibre entre le raffinement n\u00e9oclassique et le design contemporain souhait\u00e9 par le Ma\u00eetre d&#8217;Ouvrage.<\/p>\n\t\t\t\t<img src=\"http:\/\/mrmdstudio.com\/wp-content\/uploads\/2023\/10\/Capture-de\u0301cran-2023-09-07-a\u0300-10.50.08.png\" alt=\"Capture d'e\u0301cran 2023-09-07 a\u0300 10.50.08\" itemprop=\"image\" title=\"Capture d'e\u0301cran 2023-09-07 a\u0300 10.50.08\" onerror=\"this.style.display='none'\"  \/>\n\t\t\t\t<img src=\"http:\/\/mrmdstudio.com\/wp-content\/uploads\/2023\/10\/Capture-de\u0301cran-2023-09-07-a\u0300-10.50.26.png\" alt=\"Capture d'e\u0301cran 2023-09-07 a\u0300 10.50.26\" itemprop=\"image\" title=\"Capture d'e\u0301cran 2023-09-07 a\u0300 10.50.26\" onerror=\"this.style.display='none'\"  \/>\n\t\t\t\t<img src=\"http:\/\/mrmdstudio.com\/wp-content\/uploads\/2023\/10\/Capture-de\u0301cran-2023-09-07-a\u0300-10.49.42.png\" alt=\"Capture d'e\u0301cran 2023-09-07 a\u0300 10.49.42\" itemprop=\"image\" title=\"Capture d'e\u0301cran 2023-09-07 a\u0300 10.49.42\" onerror=\"this.style.display='none'\"  \/>\n\t\t\t\t<img src=\"http:\/\/mrmdstudio.com\/wp-content\/uploads\/2023\/10\/Capture-de\u0301cran-2023-09-07-a\u0300-10.49.52.png\" alt=\"Capture d'e\u0301cran 2023-09-07 a\u0300 10.49.52\" itemprop=\"image\" title=\"Capture d'e\u0301cran 2023-09-07 a\u0300 10.49.52\" onerror=\"this.style.display='none'\"  \/>\n\t\t\t\t<img src=\"http:\/\/mrmdstudio.com\/wp-content\/uploads\/2023\/10\/Capture-de\u0301cran-2023-09-07-a\u0300-10.50.49.png\" alt=\"Capture d'e\u0301cran 2023-09-07 a\u0300 10.50.49\" itemprop=\"image\" title=\"Capture d'e\u0301cran 2023-09-07 a\u0300 10.50.49\" onerror=\"this.style.display='none'\"  \/>\n\t\t\t\t<img src=\"http:\/\/mrmdstudio.com\/wp-content\/uploads\/2023\/10\/Capture-de\u0301cran-2023-09-07-a\u0300-10.50.17.png\" alt=\"Capture d'e\u0301cran 2023-09-07 a\u0300 10.50.17\" itemprop=\"image\" title=\"Capture d'e\u0301cran 2023-09-07 a\u0300 10.50.17\" onerror=\"this.style.display='none'\"  \/>\n\t\t\t\t<img src=\"http:\/\/mrmdstudio.com\/wp-content\/uploads\/2023\/10\/Capture-de\u0301cran-2023-09-07-a\u0300-10.50.35.png\" alt=\"Capture d'e\u0301cran 2023-09-07 a\u0300 10.50.35\" itemprop=\"image\" title=\"Capture d'e\u0301cran 2023-09-07 a\u0300 10.50.35\" onerror=\"this.style.display='none'\"  \/>\n\t\t\t\t<img src=\"http:\/\/mrmdstudio.com\/wp-content\/uploads\/2023\/10\/Capture-de\u0301cran-2023-09-07-a\u0300-10.51.00.png\" alt=\"Capture d'e\u0301cran 2023-09-07 a\u0300 10.51.00\" itemprop=\"image\" title=\"Capture d'e\u0301cran 2023-09-07 a\u0300 10.51.00\" onerror=\"this.style.display='none'\"  \/>\n\n","protected":false},"excerpt":{"rendered":"<p>Carr\u00e9 concorde Ma\u00eetrise d&#8217;\u0153uvre pour le compte de CALQ\u00a0 R\u00e9habilitation d&#8217;un h\u00f4tel particulier de 6800m2 dans le 8\u00e8me arrondissement de Paris en bureaux haut de gamme. Le d\u00e9fi de ce projet tenait dans l&#8217;\u00e9quilibre entre le raffinement n\u00e9oclassique et le design contemporain souhait\u00e9 par le Ma\u00eetre d&#8217;Ouvrage.<\/p>\n","protected":false},"author":1,"featured_media":0,"parent":987,"menu_order":0,"comment_status":"closed","ping_status":"closed","template":"","meta":{"om_disable_all_campaigns":false,"_monsterinsights_skip_tracking":false,"_monsterinsights_sitenote_active":false,"_monsterinsights_sitenote_note":"","_monsterinsights_sitenote_category":0,"site-sidebar-layout":"default","site-content-layout":"","ast-site-content-layout":"default","site-content-style":"default","site-sidebar-style":"default","ast-global-header-display":"","ast-banner-title-visibility":"","ast-main-header-display":"","ast-hfb-above-header-display":"","ast-hfb-below-header-display":"","ast-hfb-mobile-header-display":"","site-post-title":"disabled","ast-breadcrumbs-content":"","ast-featured-img":"","footer-sml-layout":"","theme-transparent-header-meta":"","adv-header-id-meta":"","stick-header-meta":"","header-above-stick-meta":"","header-main-stick-meta":"","header-below-stick-meta":"","astra-migrate-meta-layouts":"set"},"aioseo_notices":[],"_links":{"self":[{"href":"https:\/\/mrmdstudio.com\/index.php?rest_route=\/wp\/v2\/pages\/1130"}],"collection":[{"href":"https:\/\/mrmdstudio.com\/index.php?rest_route=\/wp\/v2\/pages"}],"about":[{"href":"https:\/\/mrmdstudio.com\/index.php?rest_route=\/wp\/v2\/types\/page"}],"author":[{"embeddable":true,"href":"https:\/\/mrmdstudio.com\/index.php?rest_route=\/wp\/v2\/users\/1"}],"replies":[{"embeddable":true,"href":"https:\/\/mrmdstudio.com\/index.php?rest_route=%2Fwp%2Fv2%2Fcomments&post=1130"}],"version-history":[{"count":5,"href":"https:\/\/mrmdstudio.com\/index.php?rest_route=\/wp\/v2\/pages\/1130\/revisions"}],"predecessor-version":[{"id":1163,"href":"https:\/\/mrmdstudio.com\/index.php?rest_route=\/wp\/v2\/pages\/1130\/revisions\/1163"}],"up":[{"embeddable":true,"href":"https:\/\/mrmdstudio.com\/index.php?rest_route=\/wp\/v2\/pages\/987"}],"wp:attachment":[{"href":"https:\/\/mrmdstudio.com\/index.php?rest_route=%2Fwp%2Fv2%2Fmedia&parent=1130"}],"curies":[{"name":"wp","href":"https:\/\/api.w.org\/{rel}","templated":true}]}}