{"id":1134,"date":"2023-10-25T13:30:43","date_gmt":"2023-10-25T13:30:43","guid":{"rendered":"https:\/\/mrmdstudio.com\/?page_id=1134"},"modified":"2024-03-28T12:18:54","modified_gmt":"2024-03-28T12:18:54","slug":"elizabeth","status":"publish","type":"page","link":"https:\/\/mrmdstudio.com\/?page_id=1134","title":{"rendered":"Elizabeth"},"content":{"rendered":"\n<h1>\n\t\tElizabeth Street\n\t<\/h1>\n<h2>\n\t\tChef de projet pour EDM, responsable de la partie marbre et pierre.\n\t<\/h2>\n\t<p>Construction d&#8217;un immeuble de 13 appartements ultra luxe \u00e0 New York dessin\u00e9 par Tadao Ando et Gabellini Sheppard.<\/p>\n<p>Des d\u00e9tails et des mat\u00e9riaux nobles, combin\u00e9s a des solutions techniques innovantes.<\/p>\n\t\t\t\t<img src=\"http:\/\/mrmdstudio.com\/wp-content\/uploads\/2023\/10\/1-f81c422940b9d81b4aa779decee4f502.jpg\" alt=\"1-f81c422940b9d81b4aa779decee4f502\" itemprop=\"image\" title=\"1-f81c422940b9d81b4aa779decee4f502\" onerror=\"this.style.display='none'\"  \/>\n\t\t\t\t<img src=\"http:\/\/mrmdstudio.com\/wp-content\/uploads\/2023\/10\/6-8657c2b33aba88ef290c5d075aebd7f9.jpg\" alt=\"6-8657c2b33aba88ef290c5d075aebd7f9\" itemprop=\"image\" title=\"6-8657c2b33aba88ef290c5d075aebd7f9\" onerror=\"this.style.display='none'\"  \/>\n\t\t\t\t<img src=\"http:\/\/mrmdstudio.com\/wp-content\/uploads\/2023\/10\/SFrances_180309_0264_B_RGB-e3c957066b796ae450a3fb43f17ec7f1.jpg\" alt=\"SFrances_180309_0264_B_RGB-e3c957066b796ae450a3fb43f17ec7f1\" itemprop=\"image\" title=\"SFrances_180309_0264_B_RGB-e3c957066b796ae450a3fb43f17ec7f1\" onerror=\"this.style.display='none'\"  \/>\n\t\t\t\t<img src=\"http:\/\/mrmdstudio.com\/wp-content\/uploads\/2023\/10\/4-9f9d8b1be72efcb4bb163cd5f30c881d.jpg\" alt=\"4-9f9d8b1be72efcb4bb163cd5f30c881d\" itemprop=\"image\" title=\"4-9f9d8b1be72efcb4bb163cd5f30c881d\" onerror=\"this.style.display='none'\"  \/>\n\t\t\t\t<img src=\"http:\/\/mrmdstudio.com\/wp-content\/uploads\/2023\/10\/13.1-22c9ded6ead4304e69000ce668ef7928.jpg\" alt=\"13.1-22c9ded6ead4304e69000ce668ef7928\" itemprop=\"image\" title=\"13.1-22c9ded6ead4304e69000ce668ef7928\" onerror=\"this.style.display='none'\"  \/>\n\t\t\t\t<img src=\"http:\/\/mrmdstudio.com\/wp-content\/uploads\/2023\/10\/SFrances_180309_0092_B_RGB-fc195eda13f7f0024832dc5417516831.jpg\" alt=\"SFrances_180309_0092_B_RGB-fc195eda13f7f0024832dc5417516831\" itemprop=\"image\" title=\"SFrances_180309_0092_B_RGB-fc195eda13f7f0024832dc5417516831\" onerror=\"this.style.display='none'\"  \/>\n\t\t\t\t<img src=\"http:\/\/mrmdstudio.com\/wp-content\/uploads\/2023\/10\/SFrances_180319_0777_B_RGB-9c0dd9ce4ead02749558911a5e9f6b9f.jpg\" alt=\"SFrances_180319_0777_B_RGB-9c0dd9ce4ead02749558911a5e9f6b9f\" itemprop=\"image\" title=\"SFrances_180319_0777_B_RGB-9c0dd9ce4ead02749558911a5e9f6b9f\" onerror=\"this.style.display='none'\"  \/>\n\t\t\t\t<img src=\"http:\/\/mrmdstudio.com\/wp-content\/uploads\/2023\/10\/SFrances_180309_0028_B_RGB-c7e86d87fd4fef617cfa78d5bb92ef8a.jpg\" alt=\"SFrances_180309_0028_B_RGB-c7e86d87fd4fef617cfa78d5bb92ef8a\" itemprop=\"image\" title=\"SFrances_180309_0028_B_RGB-c7e86d87fd4fef617cfa78d5bb92ef8a\" onerror=\"this.style.display='none'\"  \/>\n\n","protected":false},"excerpt":{"rendered":"<p>Elizabeth Street Chef de projet pour EDM, responsable de la partie marbre et pierre. Construction d&#8217;un immeuble de 13 appartements ultra luxe \u00e0 New York dessin\u00e9 par Tadao Ando et Gabellini Sheppard. Des d\u00e9tails et des mat\u00e9riaux nobles, combin\u00e9s a des solutions techniques innovantes.<\/p>\n","protected":false},"author":1,"featured_media":0,"parent":987,"menu_order":0,"comment_status":"closed","ping_status":"closed","template":"","meta":{"om_disable_all_campaigns":false,"_monsterinsights_skip_tracking":false,"_monsterinsights_sitenote_active":false,"_monsterinsights_sitenote_note":"","_monsterinsights_sitenote_category":0,"site-sidebar-layout":"default","site-content-layout":"","ast-site-content-layout":"default","site-content-style":"default","site-sidebar-style":"default","ast-global-header-display":"","ast-banner-title-visibility":"","ast-main-header-display":"","ast-hfb-above-header-display":"","ast-hfb-below-header-display":"","ast-hfb-mobile-header-display":"","site-post-title":"disabled","ast-breadcrumbs-content":"","ast-featured-img":"","footer-sml-layout":"","theme-transparent-header-meta":"","adv-header-id-meta":"","stick-header-meta":"","header-above-stick-meta":"","header-main-stick-meta":"","header-below-stick-meta":"","astra-migrate-meta-layouts":"set"},"aioseo_notices":[],"_links":{"self":[{"href":"https:\/\/mrmdstudio.com\/index.php?rest_route=\/wp\/v2\/pages\/1134"}],"collection":[{"href":"https:\/\/mrmdstudio.com\/index.php?rest_route=\/wp\/v2\/pages"}],"about":[{"href":"https:\/\/mrmdstudio.com\/index.php?rest_route=\/wp\/v2\/types\/page"}],"author":[{"embeddable":true,"href":"https:\/\/mrmdstudio.com\/index.php?rest_route=\/wp\/v2\/users\/1"}],"replies":[{"embeddable":true,"href":"https:\/\/mrmdstudio.com\/index.php?rest_route=%2Fwp%2Fv2%2Fcomments&post=1134"}],"version-history":[{"count":4,"href":"https:\/\/mrmdstudio.com\/index.php?rest_route=\/wp\/v2\/pages\/1134\/revisions"}],"predecessor-version":[{"id":1164,"href":"https:\/\/mrmdstudio.com\/index.php?rest_route=\/wp\/v2\/pages\/1134\/revisions\/1164"}],"up":[{"embeddable":true,"href":"https:\/\/mrmdstudio.com\/index.php?rest_route=\/wp\/v2\/pages\/987"}],"wp:attachment":[{"href":"https:\/\/mrmdstudio.com\/index.php?rest_route=%2Fwp%2Fv2%2Fmedia&parent=1134"}],"curies":[{"name":"wp","href":"https:\/\/api.w.org\/{rel}","templated":true}]}}