{"id":987,"date":"2023-10-18T08:12:20","date_gmt":"2023-10-18T08:12:20","guid":{"rendered":"https:\/\/mrmdstudio.com\/?page_id=987"},"modified":"2024-03-28T12:20:41","modified_gmt":"2024-03-28T12:20:41","slug":"projects","status":"publish","type":"page","link":"https:\/\/mrmdstudio.com\/?page_id=987","title":{"rendered":"Projects"},"content":{"rendered":"\n<h1>\n\t\tProjects\n\t<\/h1>\n<h2>\n\t\tle local\n\t<\/h2>\n<h2>\n\t\tArchitecture int\u00e9rieure\n\t<\/h2>\n\t<p>R\u00e9novation d&#8217;un local de coworking \u00e0 Biarritz (en cours).<\/p>\n<p>Dans une \u00e8re o\u00f9 le t\u00e9l\u00e9travail se fait de plus en plus pr\u00e9sent, l&#8217;enjeu de ce projet est de cr\u00e9er une atmosph\u00e8re cozy dans laquelle on se sent comme chez soi, tout en permettant de transformer le lieu en restaurant de temps \u00e0 autre.<\/p>\n\t\t\t\t<img src=\"http:\/\/mrmdstudio.com\/wp-content\/uploads\/2023\/10\/Corner-cafe.png\" alt=\"Corner caf\u00e9\" itemprop=\"image\" title=\"Corner caf\u00e9\" onerror=\"this.style.display='none'\"  \/>\n\t\t\t\t<img src=\"http:\/\/mrmdstudio.com\/wp-content\/uploads\/2023\/10\/Vue-Bar-2.png\" alt=\"Vue Bar 2\" itemprop=\"image\" title=\"Vue Bar 2\" onerror=\"this.style.display='none'\"  \/>\n\t\t\t\t<img src=\"http:\/\/mrmdstudio.com\/wp-content\/uploads\/2023\/10\/Vue-Cuisine.png\" alt=\"Vue Cuisine\" itemprop=\"image\" title=\"Vue Cuisine\" onerror=\"this.style.display='none'\"  \/>\n<h2>\n\t\tsquare du champ de mars\n\t<\/h2>\n<h2>\n\t\tArchitecture int\u00e9rieure\n\t<\/h2>\n\t<p>R\u00e9novation d&#8217;un appartement \u00e0 Paris.<\/p>\n<p>Red\u00e9finition des espaces et cr\u00e9ation de mobilier sur mesure pour un appartement de 75m2 \u00e0 Paris.<\/p>\n\t\t\t\t<img src=\"http:\/\/mrmdstudio.com\/wp-content\/uploads\/2023\/10\/Salon-2.png\" alt=\"Salon 2\" itemprop=\"image\" title=\"Salon 2\" onerror=\"this.style.display='none'\"  \/>\n\t\t\t\t<img src=\"http:\/\/mrmdstudio.com\/wp-content\/uploads\/2023\/10\/CH2-B.png\" alt=\"CH2 B\" itemprop=\"image\" title=\"CH2 B\" onerror=\"this.style.display='none'\"  \/>\n\t\t\t\t<img src=\"http:\/\/mrmdstudio.com\/wp-content\/uploads\/2023\/10\/couloir.png\" alt=\"couloir\" itemprop=\"image\" title=\"couloir\" onerror=\"this.style.display='none'\"  \/>\n\t\t\t\t<img src=\"http:\/\/mrmdstudio.com\/wp-content\/uploads\/2023\/10\/SDB.png\" alt=\"SDB\" itemprop=\"image\" title=\"SDB\" onerror=\"this.style.display='none'\"  \/>\n<h2>\n\t\tDame des arts\n\t<\/h2>\n<h2>\n\t\tMa\u00eetrise d&#8217;\u0153uvre pour le compte de CALQ en co-cr\u00e9ation avec Raphael Navot.\n\t<\/h2>\n\t<p>R\u00e9habilitation d&#8217;un h\u00f4tel 4 \u00e9toiles de 110 chambres dans le 6\u00e8me arrondissement de Paris.<\/p>\n<p>Le restaurant, la salle de fitness, le rooftop et les chambres ont \u00e9t\u00e9 r\u00e9nov\u00e9es dans un style \u00ab\u00a0nouvelle vague\u00a0\u00bb propre au quartier latin<\/p>\n\t\t\t\t<img src=\"http:\/\/mrmdstudio.com\/wp-content\/uploads\/2023\/10\/Capture-decran-2023-09-07-a-10.05.33.png\" alt=\"Capture d'\u00e9cran 2023-09-07 \u00e0 10.05.33\" itemprop=\"image\" title=\"Capture d'\u00e9cran 2023-09-07 \u00e0 10.05.33\" onerror=\"this.style.display='none'\"  \/>\n\t\t\t\t<img src=\"http:\/\/mrmdstudio.com\/wp-content\/uploads\/2023\/10\/Capture-decran-2023-09-07-a-10.06.31.png\" alt=\"Capture d'\u00e9cran 2023-09-07 \u00e0 10.06.31\" itemprop=\"image\" title=\"Capture d'\u00e9cran 2023-09-07 \u00e0 10.06.31\" onerror=\"this.style.display='none'\"  \/>\n\t\t\t\t<img src=\"http:\/\/mrmdstudio.com\/wp-content\/uploads\/2023\/10\/Capture-decran-2023-09-07-a-10.10.46.png\" alt=\"Capture d'\u00e9cran 2023-09-07 \u00e0 10.10.46\" itemprop=\"image\" title=\"Capture d'\u00e9cran 2023-09-07 \u00e0 10.10.46\" onerror=\"this.style.display='none'\"  \/>\n\t\t\t\t<img src=\"http:\/\/mrmdstudio.com\/wp-content\/uploads\/2023\/10\/Capture-decran-2023-09-07-a-10.10.00.png\" alt=\"Capture d'\u00e9cran 2023-09-07 \u00e0 10.10.00\" itemprop=\"image\" title=\"Capture d'\u00e9cran 2023-09-07 \u00e0 10.10.00\" onerror=\"this.style.display='none'\"  \/>\n\t\t\t\t<img src=\"http:\/\/mrmdstudio.com\/wp-content\/uploads\/2023\/10\/Capture-decran-2023-09-07-a-10.10.18.png\" alt=\"Capture d'\u00e9cran 2023-09-07 \u00e0 10.10.18\" itemprop=\"image\" title=\"Capture d'\u00e9cran 2023-09-07 \u00e0 10.10.18\" onerror=\"this.style.display='none'\"  \/>\n\t\t\t\t<img src=\"http:\/\/mrmdstudio.com\/wp-content\/uploads\/2023\/10\/Capture-decran-2023-09-07-a-10.05.11.png\" alt=\"Capture d'\u00e9cran 2023-09-07 \u00e0 10.05.11\" itemprop=\"image\" title=\"Capture d'\u00e9cran 2023-09-07 \u00e0 10.05.11\" onerror=\"this.style.display='none'\"  \/>\n\t\t\t\t<img src=\"http:\/\/mrmdstudio.com\/wp-content\/uploads\/2023\/10\/Capture-decran-2023-09-07-a-10.37.06.png\" alt=\"Capture d'\u00e9cran 2023-09-07 \u00e0 10.37.06\" itemprop=\"image\" title=\"Capture d'\u00e9cran 2023-09-07 \u00e0 10.37.06\" onerror=\"this.style.display='none'\"  \/>\n<h2>\n\t\tCarr\u00e9 concorde\n\t<\/h2>\n<h2>\n\t\tMa\u00eetrise d&#8217;\u0153uvre pour le compte de CALQ\u00a0\n\t<\/h2>\n\t<p>R\u00e9habilitation d&#8217;un h\u00f4tel particulier de 6800m2 dans le 8\u00e8me arrondissement de Paris en bureaux haut de gamme.<\/p>\n<p>Le d\u00e9fi de ce projet tenait dans l&#8217;\u00e9quilibre entre le raffinement n\u00e9oclassique et le design contemporain souhait\u00e9 par le Ma\u00eetre d&#8217;Ouvrage.<\/p>\n\t\t\t\t<img src=\"http:\/\/mrmdstudio.com\/wp-content\/uploads\/2023\/10\/Capture-de\u0301cran-2023-09-07-a\u0300-10.50.08.png\" alt=\"Capture d'e\u0301cran 2023-09-07 a\u0300 10.50.08\" itemprop=\"image\" title=\"Capture d'e\u0301cran 2023-09-07 a\u0300 10.50.08\" onerror=\"this.style.display='none'\"  \/>\n\t\t\t\t<img src=\"http:\/\/mrmdstudio.com\/wp-content\/uploads\/2023\/10\/Capture-de\u0301cran-2023-09-07-a\u0300-10.50.26.png\" alt=\"Capture d'e\u0301cran 2023-09-07 a\u0300 10.50.26\" itemprop=\"image\" title=\"Capture d'e\u0301cran 2023-09-07 a\u0300 10.50.26\" onerror=\"this.style.display='none'\"  \/>\n\t\t\t\t<img src=\"http:\/\/mrmdstudio.com\/wp-content\/uploads\/2023\/10\/Capture-de\u0301cran-2023-09-07-a\u0300-10.49.42.png\" alt=\"Capture d'e\u0301cran 2023-09-07 a\u0300 10.49.42\" itemprop=\"image\" title=\"Capture d'e\u0301cran 2023-09-07 a\u0300 10.49.42\" onerror=\"this.style.display='none'\"  \/>\n\t\t\t\t<img src=\"http:\/\/mrmdstudio.com\/wp-content\/uploads\/2023\/10\/Capture-de\u0301cran-2023-09-07-a\u0300-10.49.52.png\" alt=\"Capture d'e\u0301cran 2023-09-07 a\u0300 10.49.52\" itemprop=\"image\" title=\"Capture d'e\u0301cran 2023-09-07 a\u0300 10.49.52\" onerror=\"this.style.display='none'\"  \/>\n\t\t\t\t<img src=\"http:\/\/mrmdstudio.com\/wp-content\/uploads\/2023\/10\/Capture-de\u0301cran-2023-09-07-a\u0300-10.50.49.png\" alt=\"Capture d'e\u0301cran 2023-09-07 a\u0300 10.50.49\" itemprop=\"image\" title=\"Capture d'e\u0301cran 2023-09-07 a\u0300 10.50.49\" onerror=\"this.style.display='none'\"  \/>\n\t\t\t\t<img src=\"http:\/\/mrmdstudio.com\/wp-content\/uploads\/2023\/10\/Capture-de\u0301cran-2023-09-07-a\u0300-10.50.17.png\" alt=\"Capture d'e\u0301cran 2023-09-07 a\u0300 10.50.17\" itemprop=\"image\" title=\"Capture d'e\u0301cran 2023-09-07 a\u0300 10.50.17\" onerror=\"this.style.display='none'\"  \/>\n\t\t\t\t<img src=\"http:\/\/mrmdstudio.com\/wp-content\/uploads\/2023\/10\/Capture-de\u0301cran-2023-09-07-a\u0300-10.50.35.png\" alt=\"Capture d'e\u0301cran 2023-09-07 a\u0300 10.50.35\" itemprop=\"image\" title=\"Capture d'e\u0301cran 2023-09-07 a\u0300 10.50.35\" onerror=\"this.style.display='none'\"  \/>\n\t\t\t\t<img src=\"http:\/\/mrmdstudio.com\/wp-content\/uploads\/2023\/10\/Capture-de\u0301cran-2023-09-07-a\u0300-10.51.00.png\" alt=\"Capture d'e\u0301cran 2023-09-07 a\u0300 10.51.00\" itemprop=\"image\" title=\"Capture d'e\u0301cran 2023-09-07 a\u0300 10.51.00\" onerror=\"this.style.display='none'\"  \/>\n<h2>\n\t\t152 Elizabeth Street\n\t<\/h2>\n<h2>\n\t\tChef de projet pour EDM, responsable de la partie marbre et pierre.\n\t<\/h2>\n\t<p>Construction d&#8217;un immeuble de 13 appartements ultra luxe dessin\u00e9s par Tadao Ando et Gabellini Sheppard.<\/p>\n<p>Des d\u00e9tails et des mat\u00e9riaux nobles, combin\u00e9s a des solutions techniques innovantes.<\/p>\n\t\t\t\t<img src=\"http:\/\/mrmdstudio.com\/wp-content\/uploads\/2023\/10\/1-f81c422940b9d81b4aa779decee4f502.jpg\" alt=\"1-f81c422940b9d81b4aa779decee4f502\" itemprop=\"image\" title=\"1-f81c422940b9d81b4aa779decee4f502\" onerror=\"this.style.display='none'\"  \/>\n\t\t\t\t<img src=\"http:\/\/mrmdstudio.com\/wp-content\/uploads\/2023\/10\/6-8657c2b33aba88ef290c5d075aebd7f9.jpg\" alt=\"6-8657c2b33aba88ef290c5d075aebd7f9\" itemprop=\"image\" title=\"6-8657c2b33aba88ef290c5d075aebd7f9\" onerror=\"this.style.display='none'\"  \/>\n\t\t\t\t<img src=\"http:\/\/mrmdstudio.com\/wp-content\/uploads\/2023\/10\/SFrances_180309_0264_B_RGB-e3c957066b796ae450a3fb43f17ec7f1.jpg\" alt=\"SFrances_180309_0264_B_RGB-e3c957066b796ae450a3fb43f17ec7f1\" itemprop=\"image\" title=\"SFrances_180309_0264_B_RGB-e3c957066b796ae450a3fb43f17ec7f1\" onerror=\"this.style.display='none'\"  \/>\n\t\t\t\t<img src=\"http:\/\/mrmdstudio.com\/wp-content\/uploads\/2023\/10\/4-9f9d8b1be72efcb4bb163cd5f30c881d.jpg\" alt=\"4-9f9d8b1be72efcb4bb163cd5f30c881d\" itemprop=\"image\" title=\"4-9f9d8b1be72efcb4bb163cd5f30c881d\" onerror=\"this.style.display='none'\"  \/>\n\t\t\t\t<img src=\"http:\/\/mrmdstudio.com\/wp-content\/uploads\/2023\/10\/13.1-22c9ded6ead4304e69000ce668ef7928.jpg\" alt=\"13.1-22c9ded6ead4304e69000ce668ef7928\" itemprop=\"image\" title=\"13.1-22c9ded6ead4304e69000ce668ef7928\" onerror=\"this.style.display='none'\"  \/>\n\t\t\t\t<img src=\"http:\/\/mrmdstudio.com\/wp-content\/uploads\/2023\/10\/SFrances_180309_0092_B_RGB-fc195eda13f7f0024832dc5417516831.jpg\" alt=\"SFrances_180309_0092_B_RGB-fc195eda13f7f0024832dc5417516831\" itemprop=\"image\" title=\"SFrances_180309_0092_B_RGB-fc195eda13f7f0024832dc5417516831\" onerror=\"this.style.display='none'\"  \/>\n\t\t\t\t<img src=\"http:\/\/mrmdstudio.com\/wp-content\/uploads\/2023\/10\/SFrances_180319_0777_B_RGB-9c0dd9ce4ead02749558911a5e9f6b9f.jpg\" alt=\"SFrances_180319_0777_B_RGB-9c0dd9ce4ead02749558911a5e9f6b9f\" itemprop=\"image\" title=\"SFrances_180319_0777_B_RGB-9c0dd9ce4ead02749558911a5e9f6b9f\" onerror=\"this.style.display='none'\"  \/>\n\t\t\t\t<img src=\"http:\/\/mrmdstudio.com\/wp-content\/uploads\/2023\/10\/SFrances_180309_0028_B_RGB-c7e86d87fd4fef617cfa78d5bb92ef8a.jpg\" alt=\"SFrances_180309_0028_B_RGB-c7e86d87fd4fef617cfa78d5bb92ef8a\" itemprop=\"image\" title=\"SFrances_180309_0028_B_RGB-c7e86d87fd4fef617cfa78d5bb92ef8a\" onerror=\"this.style.display='none'\"  \/>\n\n","protected":false},"excerpt":{"rendered":"<p>Projects le local Architecture int\u00e9rieure R\u00e9novation d&#8217;un local de coworking \u00e0 Biarritz (en cours). Dans une \u00e8re o\u00f9 le t\u00e9l\u00e9travail se fait de plus en plus pr\u00e9sent, l&#8217;enjeu de ce projet est de cr\u00e9er une atmosph\u00e8re cozy dans laquelle on se sent comme chez soi, tout en permettant de transformer le lieu en restaurant de &hellip;<\/p>\n<p class=\"read-more\"> <a class=\"\" href=\"https:\/\/mrmdstudio.com\/?page_id=987\"> <span class=\"screen-reader-text\">Projects<\/span> Read More &raquo;<\/a><\/p>\n","protected":false},"author":1,"featured_media":0,"parent":0,"menu_order":0,"comment_status":"closed","ping_status":"closed","template":"","meta":{"om_disable_all_campaigns":false,"_monsterinsights_skip_tracking":false,"_monsterinsights_sitenote_active":false,"_monsterinsights_sitenote_note":"","_monsterinsights_sitenote_category":0,"site-sidebar-layout":"default","site-content-layout":"","ast-site-content-layout":"default","site-content-style":"default","site-sidebar-style":"default","ast-global-header-display":"","ast-banner-title-visibility":"","ast-main-header-display":"","ast-hfb-above-header-display":"","ast-hfb-below-header-display":"","ast-hfb-mobile-header-display":"","site-post-title":"disabled","ast-breadcrumbs-content":"","ast-featured-img":"","footer-sml-layout":"","theme-transparent-header-meta":"","adv-header-id-meta":"","stick-header-meta":"","header-above-stick-meta":"","header-main-stick-meta":"","header-below-stick-meta":"","astra-migrate-meta-layouts":"set"},"aioseo_notices":[],"_links":{"self":[{"href":"https:\/\/mrmdstudio.com\/index.php?rest_route=\/wp\/v2\/pages\/987"}],"collection":[{"href":"https:\/\/mrmdstudio.com\/index.php?rest_route=\/wp\/v2\/pages"}],"about":[{"href":"https:\/\/mrmdstudio.com\/index.php?rest_route=\/wp\/v2\/types\/page"}],"author":[{"embeddable":true,"href":"https:\/\/mrmdstudio.com\/index.php?rest_route=\/wp\/v2\/users\/1"}],"replies":[{"embeddable":true,"href":"https:\/\/mrmdstudio.com\/index.php?rest_route=%2Fwp%2Fv2%2Fcomments&post=987"}],"version-history":[{"count":14,"href":"https:\/\/mrmdstudio.com\/index.php?rest_route=\/wp\/v2\/pages\/987\/revisions"}],"predecessor-version":[{"id":1169,"href":"https:\/\/mrmdstudio.com\/index.php?rest_route=\/wp\/v2\/pages\/987\/revisions\/1169"}],"wp:attachment":[{"href":"https:\/\/mrmdstudio.com\/index.php?rest_route=%2Fwp%2Fv2%2Fmedia&parent=987"}],"curies":[{"name":"wp","href":"https:\/\/api.w.org\/{rel}","templated":true}]}}